{"id":7631,"date":"2016-05-27T17:21:36","date_gmt":"2016-05-27T13:21:36","guid":{"rendered":"https:\/\/kasa.am\/hy\/?page_id=7631"},"modified":"2016-08-05T14:58:16","modified_gmt":"2016-08-05T10:58:16","slug":"%d5%ba%d5%a1%d5%bf%d5%af%d5%a5%d6%80%d5%a1%d5%bd%d6%80%d5%a1%d5%b0-2016","status":"publish","type":"page","link":"https:\/\/kasa.am\/hy\/%d5%ba%d5%a1%d5%bf%d5%af%d5%a5%d6%80%d5%a1%d5%bd%d6%80%d5%a1%d5%b0-2016\/","title":{"rendered":"\u054a\u0561\u057f\u056f\u0565\u0580\u0561\u057d\u0580\u0561\u0570-2016"},"content":{"rendered":"<div class=\"l-submain\"><div class=\"l-submain-h g-html i-cf\"><div id=\"justified_gallery_3A4Y7E\" class=\"sgg-style-11 \"><a target=\"\" href=\"https:\/\/kasa.am\/projet-dagriculture-gogaran\/\"><img decoding=\"async\" src=\"https:\/\/kasa.am\/wp-content\/uploads\/2015\/12\/Z9A1749-cover.jpg\" data-caption=\"Projet d'agriculture \u00e0 Gogaran\" alt=\"Projet d'agriculture \u00e0 Gogaran\"\/><\/a><a target=\"\" href=\"https:\/\/kasa.am\/francophonie\/\"><img decoding=\"async\" src=\"https:\/\/kasa.am\/wp-content\/uploads\/2016\/07\/IMG_0296-cover.jpg\" data-caption=\"Francophonie\" alt=\"Francophonie\"\/><\/a><a target=\"\" href=\"https:\/\/kasa.am\/journee-mondiale-des-refugies-album\/\"><img decoding=\"async\" src=\"https:\/\/kasa.am\/wp-content\/uploads\/2015\/12\/mond_cover1.jpg\" data-caption=\"Journ\u00e9e mondiale des r\u00e9fugi\u00e9s\" alt=\"Journ\u00e9e mondiale des r\u00e9fugi\u00e9s\"\/><\/a><a target=\"\" href=\"https:\/\/kasa.am\/jeunes-citoyens-darmenie-camp-pour-enfants-marmachen\/\"><img decoding=\"async\" src=\"https:\/\/kasa.am\/wp-content\/uploads\/2015\/12\/m_cover.jpg\" data-caption=\"Jeunes Citoyens d'Arm\u00e9nie. Camp pour enfants \u00e0 Marmachen\" alt=\"Jeunes Citoyens d'Arm\u00e9nie. Camp pour enfants \u00e0 Marmachen\"\/><\/a><a target=\"\" href=\"https:\/\/kasa.am\/formation-de-guides-touristiques-remise-de-certificats\/\"><img decoding=\"async\" src=\"https:\/\/kasa.am\/wp-content\/uploads\/2016\/05\/gt_cover.jpg\" data-caption=\"Formation de guides touristiques. Remise de certificats\" alt=\"Formation de guides touristiques. Remise de certificats\"\/><\/a><a target=\"\" href=\"https:\/\/kasa.am\/les-jeunes-pour-la-societe\/\"><img decoding=\"async\" src=\"https:\/\/kasa.am\/wp-content\/uploads\/2016\/05\/cover-Les-jeunes-.jpg\" data-caption=\"Les jeunes pour la soci\u00e9t\u00e9': Pr\u00e9sentation du manuel et des jeux \u00e9ducatifs con\u00e7us par KASA\" alt=\"Les jeunes pour la soci\u00e9t\u00e9': Pr\u00e9sentation du manuel et des jeux \u00e9ducatifs con\u00e7us par KASA\"\/><\/a><\/div>\r\n<div id=\"load_more_holder_3A4Y7E\" style=\"display:none\"><\/div>\r\n\t\t\t<script type=\"text\/javascript\">\r\n\t\t\t\t(function($){\r\n\t\t\t\t\t$(\"#justified_gallery_3A4Y7E\").justifiedGallery({\r\n\t\t\t\t\t\tsizeRangeSuffixes : {'lt100': '', 'lt240': '', 'lt320': '', 'lt500': '', 'lt640': '', 'lt1024': ''},rowHeight: 200,\r\nmobileRowHeight: 200,\r\nmargins: 10,\r\nlastRow: \"nojustify\",\r\nfixedHeight: false,\r\ncaptions: true,\r\ncaptionsColor: \"#272727\",\r\ncaptionsOpacity: 0.7,\r\nrandomize: false,\r\nmaxRowHeight: 0,\r\nrel: \"3A4Y7E\",\r\ntarget: null,\r\nrefreshTime: 250,\r\ncssAnimation: true,\r\ncaptionsAnimationDuration: 500,\r\nimagesAnimationDuration: 300,\r\ncaptionsVisibleOpacity: 0.7,\r\nclass: \"\",\r\n\t\t\t\t\t})\r\n\t\t\t\t\t.on('jg.complete', function(){\r\n\t\t\t\t\t\t\t\t\t\t\t});\r\n\t\t\t\t\t\t\t\t\t\tWebFontConfig = {\r\n\tgoogle: { families: [] }\r\n};\r\n(function() {\r\n\tvar wf = document.createElement('script');\r\n\twf.src = ('https:' == document.location.protocol ? 'https' : 'http') +\r\n\t\t':\/\/ajax.googleapis.com\/ajax\/libs\/webfont\/1\/webfont.js';\r\n\twf.type = 'text\/javascript';\r\n\twf.async = 'true';\r\n\tvar s = document.getElementsByTagName('script')[0];\r\n\ts.parentNode.insertBefore(wf, s);\r\n})();WebFontConfig.google.families.push('Open sans');\t\t\t\t\t\t\t\t\tvar galleries = [];\r\n\t\t\t\tvar gallery = $(\"#justified_gallery_3A4Y7E\");\r\n\t\t\t\t$(window).scroll(function() {\r\n\t\t\t\t\tif ( galleries.length >= 1  ) {\r\n\t\t\t\t\t\tvar scroll_top = $(window).scrollTop();\r\n\t\t\t\t\t\tvar scroll_bottom = scroll_top + $(window).height();\r\n\t\t\t\t\t\tvar gallery_top = $(gallery).offset().top;\r\n\t\t\t\t\t\tvar gallery_height = $(gallery).innerHeight();\r\n\t\t\t\t\t\tvar gallery_bottom = gallery_top + gallery_height;\r\n\t\t\t\t\t\tif( scroll_bottom >= gallery_bottom ) {\r\n\t\t\t\t\t\t\tvar images = galleries.splice(0,1);\r\n\t\t\t\t\t\t\tvar image_html = $(\"#load_more_holder_3A4Y7E\").html(images).text();\r\n\t\t\t\t\t\t\t$(gallery).append(image_html);\r\n\t\t\t\t\t\t\t$(gallery).justifiedGallery('norewind');\r\n\t\t\t\t\t\t}\r\n\t\t\t\t\t}\r\n\t\t\t\t});\t\t\t\t})(jQuery);\r\n\t\t\t<\/script>\r\n\t\t\t\t\t\t<style>\r\n\t            #justified_gallery_3A4Y7E .sgg-caption {\r\n\t\t\t\t\tbackground: rgb(39,39,39);\r\n\t\t\t\t\tbackground: rgba(39,39,39,0.7);\r\n\t\t\t\t\tcolor: #ffffff;\r\n\t\t\t\t\tfont-size: 18px;\r\n\t\t\t\t\tfont-weight: bold;\r\n\t\t\t\t\tfont-family: Open sans;\r\n\t\t\t\t}\r\n\t\t\t\t#load_more_3A4Y7E {\r\n\t\t\t\t    background: #444444;\r\n\t\t\t\t    color: #ffffff;\r\n\t\t\t\t}\r\n\t\t\t<\/style>\r\n        \t\r\n<p style=\"text-align: right\"><a href=\"https:\/\/kasa.am\/hy\/\u057a\u0561\u057f\u056f\u0565\u0580\u0561\u057d\u0580\u0561\u0570\/\"><span class=\"fa fa-angle-double-left fa-2x\"><\/span><\/a><\/p><\/div><\/div>","protected":false},"excerpt":{"rendered":"","protected":false},"author":1,"featured_media":0,"parent":0,"menu_order":0,"comment_status":"closed","ping_status":"closed","template":"","meta":{"footnotes":""},"class_list":["post-7631","page","type-page","status-publish","hentry"],"_links":{"self":[{"href":"https:\/\/kasa.am\/hy\/wp-json\/wp\/v2\/pages\/7631","targetHints":{"allow":["GET"]}}],"collection":[{"href":"https:\/\/kasa.am\/hy\/wp-json\/wp\/v2\/pages"}],"about":[{"href":"https:\/\/kasa.am\/hy\/wp-json\/wp\/v2\/types\/page"}],"author":[{"embeddable":true,"href":"https:\/\/kasa.am\/hy\/wp-json\/wp\/v2\/users\/1"}],"replies":[{"embeddable":true,"href":"https:\/\/kasa.am\/hy\/wp-json\/wp\/v2\/comments?post=7631"}],"version-history":[{"count":0,"href":"https:\/\/kasa.am\/hy\/wp-json\/wp\/v2\/pages\/7631\/revisions"}],"wp:attachment":[{"href":"https:\/\/kasa.am\/hy\/wp-json\/wp\/v2\/media?parent=7631"}],"curies":[{"name":"wp","href":"https:\/\/api.w.org\/{rel}","templated":true}]}}