{"id":7629,"date":"2016-04-21T09:41:59","date_gmt":"2016-04-21T05:41:59","guid":{"rendered":"https:\/\/kasa.am\/hy\/?page_id=7629"},"modified":"2016-08-05T14:56:57","modified_gmt":"2016-08-05T10:56:57","slug":"%d5%ba%d5%a1%d5%bf%d5%af%d5%a5%d6%80%d5%a1%d5%bd%d6%80%d5%a1%d5%b0-2015","status":"publish","type":"page","link":"https:\/\/kasa.am\/hy\/%d5%ba%d5%a1%d5%bf%d5%af%d5%a5%d6%80%d5%a1%d5%bd%d6%80%d5%a1%d5%b0-2015\/","title":{"rendered":"\u054a\u0561\u057f\u056f\u0565\u0580\u0561\u057d\u0580\u0561\u0570-2015"},"content":{"rendered":"<div class=\"l-submain\"><div class=\"l-submain-h g-html i-cf\"><div id=\"justified_gallery_7f0TVx\" class=\"sgg-style-11 \"><a target=\"\" href=\"https:\/\/kasa.am\/formation-des-formateurs-2015\/\"><img decoding=\"async\" src=\"https:\/\/kasa.am\/wp-content\/uploads\/2015\/12\/01-15.jpg\" data-caption=\"Formation des Formateurs\" alt=\"Formation des Formateurs\"\/><\/a><a target=\"\" href=\"https:\/\/kasa.am\/formation-de-guides-visite-du-centre-tonatsouits\/\"><img decoding=\"async\" src=\"https:\/\/kasa.am\/wp-content\/uploads\/2015\/12\/SSS4551-cover.jpg\" data-caption=\"Formation de guides. Visite du centre Tonatsouits\" alt=\"Formation de guides. Visite du centre Tonatsouits\"\/><\/a><a target=\"\" href=\"https:\/\/kasa.am\/saison-de-la-francophonie\/\"><img decoding=\"async\" src=\"https:\/\/kasa.am\/wp-content\/uploads\/2015\/12\/02-15.jpg\" data-caption=\"Saison de la Francophonie\" alt=\"Saison de la Francophonie\"\/><\/a><a target=\"\" href=\"https:\/\/kasa.am\/actions-de-solidarite-organisees-par-nos-boursiers\/\"><img decoding=\"async\" src=\"https:\/\/kasa.am\/wp-content\/uploads\/2015\/12\/03-15.jpg\" data-caption=\"Actions de solidarit\u00e9 organis\u00e9es par nos boursiers\" alt=\"Actions de solidarit\u00e9 organis\u00e9es par nos boursiers\"\/><\/a><a target=\"\" href=\"https:\/\/kasa.am\/projet-socio-educatif-pour-enfants-et-adolescents\/\"><img decoding=\"async\" src=\"https:\/\/kasa.am\/wp-content\/uploads\/2015\/12\/04-15.jpg\" data-caption=\"Projet socio-\u00e9ducatif pour enfants et adolescents\" alt=\"Projet socio-\u00e9ducatif pour enfants et adolescents\"\/><\/a><a target=\"\" href=\"https:\/\/kasa.am\/service-volontaire-europeen\/\"><img decoding=\"async\" src=\"https:\/\/kasa.am\/wp-content\/uploads\/2015\/12\/05-15.jpg\" data-caption=\"Service volontaire europ\u00e9en\" alt=\"Service volontaire europ\u00e9en\"\/><\/a><a target=\"\" href=\"https:\/\/kasa.am\/journee-de-leurope-2015\/\"><img decoding=\"async\" src=\"https:\/\/kasa.am\/wp-content\/uploads\/2015\/12\/09-15-200x300.jpg\" data-caption=\"Journ\u00e9e de l'Europe\" alt=\"Journ\u00e9e de l'Europe\"\/><\/a><a target=\"\" href=\"https:\/\/kasa.am\/jeunes-citoyens\/\"><img decoding=\"async\" src=\"https:\/\/kasa.am\/wp-content\/uploads\/2015\/12\/06-15.jpg\" data-caption=\"Jeunes citoyens d'Arm\u00e9nie\" alt=\"Jeunes citoyens d'Arm\u00e9nie\"\/><\/a><a target=\"\" href=\"https:\/\/kasa.am\/integration-par-leducation\/\"><img decoding=\"async\" src=\"https:\/\/kasa.am\/wp-content\/uploads\/2015\/12\/07-15.jpg\" data-caption=\"Int\u00e9gration des r\u00e9fugi\u00e9s \u00e0 travers l'\u00e9ducation\" alt=\"Int\u00e9gration des r\u00e9fugi\u00e9s \u00e0 travers l'\u00e9ducation\"\/><\/a><a target=\"\" href=\"https:\/\/kasa.am\/ami-de-la-famille-2015\/\"><img decoding=\"async\" src=\"https:\/\/kasa.am\/wp-content\/uploads\/2015\/12\/08-15.jpg\" data-caption=\"Accueillir une famille\" alt=\"Accueillir une famille\"\/><\/a><a target=\"\" href=\"https:\/\/kasa.am\/journee-mondiale-des-refugies\/\"><img decoding=\"async\" src=\"https:\/\/kasa.am\/wp-content\/uploads\/2015\/12\/10-15.jpg\" data-caption=\"Journ\u00e9e mondiale des r\u00e9fugi\u00e9s : match de foot\" alt=\"Journ\u00e9e mondiale des r\u00e9fugi\u00e9s : match de foot\"\/><\/a><\/div>\r\n<div id=\"load_more_holder_7f0TVx\" style=\"display:none\"><\/div>\r\n\t\t\t<script type=\"text\/javascript\">\r\n\t\t\t\t(function($){\r\n\t\t\t\t\t$(\"#justified_gallery_7f0TVx\").justifiedGallery({\r\n\t\t\t\t\t\tsizeRangeSuffixes : {'lt100': '', 'lt240': '', 'lt320': '', 'lt500': '', 'lt640': '', 'lt1024': ''},rowHeight: 200,\r\nmobileRowHeight: 200,\r\nmargins: 10,\r\nlastRow: \"nojustify\",\r\nfixedHeight: false,\r\ncaptions: true,\r\ncaptionsColor: \"#272727\",\r\ncaptionsOpacity: 0.7,\r\nrandomize: false,\r\nmaxRowHeight: 0,\r\nrel: \"7f0TVx\",\r\ntarget: null,\r\nrefreshTime: 250,\r\ncssAnimation: true,\r\ncaptionsAnimationDuration: 500,\r\nimagesAnimationDuration: 300,\r\ncaptionsVisibleOpacity: 0.7,\r\nclass: \"\",\r\n\t\t\t\t\t})\r\n\t\t\t\t\t.on('jg.complete', function(){\r\n\t\t\t\t\t\t\t\t\t\t\t});\r\n\t\t\t\t\t\t\t\t\t\tWebFontConfig = {\r\n\tgoogle: { families: [] }\r\n};\r\n(function() {\r\n\tvar wf = document.createElement('script');\r\n\twf.src = ('https:' == document.location.protocol ? 'https' : 'http') +\r\n\t\t':\/\/ajax.googleapis.com\/ajax\/libs\/webfont\/1\/webfont.js';\r\n\twf.type = 'text\/javascript';\r\n\twf.async = 'true';\r\n\tvar s = document.getElementsByTagName('script')[0];\r\n\ts.parentNode.insertBefore(wf, s);\r\n})();WebFontConfig.google.families.push('Open sans');\t\t\t\t\t\t\t\t\tvar galleries = [];\r\n\t\t\t\tvar gallery = $(\"#justified_gallery_7f0TVx\");\r\n\t\t\t\t$(window).scroll(function() {\r\n\t\t\t\t\tif ( galleries.length >= 1  ) {\r\n\t\t\t\t\t\tvar scroll_top = $(window).scrollTop();\r\n\t\t\t\t\t\tvar scroll_bottom = scroll_top + $(window).height();\r\n\t\t\t\t\t\tvar gallery_top = $(gallery).offset().top;\r\n\t\t\t\t\t\tvar gallery_height = $(gallery).innerHeight();\r\n\t\t\t\t\t\tvar gallery_bottom = gallery_top + gallery_height;\r\n\t\t\t\t\t\tif( scroll_bottom >= gallery_bottom ) {\r\n\t\t\t\t\t\t\tvar images = galleries.splice(0,1);\r\n\t\t\t\t\t\t\tvar image_html = $(\"#load_more_holder_7f0TVx\").html(images).text();\r\n\t\t\t\t\t\t\t$(gallery).append(image_html);\r\n\t\t\t\t\t\t\t$(gallery).justifiedGallery('norewind');\r\n\t\t\t\t\t\t}\r\n\t\t\t\t\t}\r\n\t\t\t\t});\t\t\t\t})(jQuery);\r\n\t\t\t<\/script>\r\n\t\t\t\t\t\t<style>\r\n\t            #justified_gallery_7f0TVx .sgg-caption {\r\n\t\t\t\t\tbackground: rgb(39,39,39);\r\n\t\t\t\t\tbackground: rgba(39,39,39,0.7);\r\n\t\t\t\t\tcolor: #ffffff;\r\n\t\t\t\t\tfont-size: 18px;\r\n\t\t\t\t\tfont-weight: bold;\r\n\t\t\t\t\tfont-family: Open sans;\r\n\t\t\t\t}\r\n\t\t\t\t#load_more_7f0TVx {\r\n\t\t\t\t    background: #444444;\r\n\t\t\t\t    color: #ffffff;\r\n\t\t\t\t}\r\n\t\t\t<\/style>\r\n        \t<p style=\"text-align: right\"><a href=\"https:\/\/kasa.am\/hy\/\u057a\u0561\u057f\u056f\u0565\u0580\u0561\u057d\u0580\u0561\u0570\/\"><span class=\"fa fa-angle-double-left fa-2x\"><\/span><\/a><\/p><\/div><\/div>","protected":false},"excerpt":{"rendered":"","protected":false},"author":1,"featured_media":0,"parent":0,"menu_order":0,"comment_status":"closed","ping_status":"closed","template":"","meta":{"footnotes":""},"class_list":["post-7629","page","type-page","status-publish","hentry"],"_links":{"self":[{"href":"https:\/\/kasa.am\/hy\/wp-json\/wp\/v2\/pages\/7629","targetHints":{"allow":["GET"]}}],"collection":[{"href":"https:\/\/kasa.am\/hy\/wp-json\/wp\/v2\/pages"}],"about":[{"href":"https:\/\/kasa.am\/hy\/wp-json\/wp\/v2\/types\/page"}],"author":[{"embeddable":true,"href":"https:\/\/kasa.am\/hy\/wp-json\/wp\/v2\/users\/1"}],"replies":[{"embeddable":true,"href":"https:\/\/kasa.am\/hy\/wp-json\/wp\/v2\/comments?post=7629"}],"version-history":[{"count":0,"href":"https:\/\/kasa.am\/hy\/wp-json\/wp\/v2\/pages\/7629\/revisions"}],"wp:attachment":[{"href":"https:\/\/kasa.am\/hy\/wp-json\/wp\/v2\/media?parent=7629"}],"curies":[{"name":"wp","href":"https:\/\/api.w.org\/{rel}","templated":true}]}}