{"id":7568,"date":"2016-01-30T21:48:29","date_gmt":"2016-01-30T17:48:29","guid":{"rendered":"https:\/\/kasa.am\/hy\/?page_id=7568"},"modified":"2022-04-05T17:38:51","modified_gmt":"2022-04-05T13:38:51","slug":"%d5%a3%d6%80%d6%84%d5%b8%d6%82%d5%b5%d5%af-%d5%b6%d5%be%d5%ab%d6%80%d5%be%d5%a1%d5%ae-%d5%a3%d5%b5%d5%b8%d6%82%d5%b4%d6%80%d5%ab%d5%ab%d5%b6","status":"publish","type":"page","link":"https:\/\/kasa.am\/hy\/%d5%a3%d6%80%d6%84%d5%b8%d6%82%d5%b5%d5%af-%d5%b6%d5%be%d5%ab%d6%80%d5%be%d5%a1%d5%ae-%d5%a3%d5%b5%d5%b8%d6%82%d5%b4%d6%80%d5%ab%d5%ab%d5%b6\/","title":{"rendered":"\u0533\u0580\u0584\u0578\u0582\u0575\u056f\u055d \u0576\u057e\u056b\u0580\u057e\u0561\u056e \u0533\u0575\u0578\u0582\u0574\u0580\u056b\u056b\u0576"},"content":{"rendered":"<div class=\"l-submain\"><div class=\"l-submain-h g-html i-cf\"><div class=\"wpb-content-wrapper\"><h4>Pr\u00e9sentation de la brochure de Gumri :<span class=\"Apple-converted-space\">\u00a0<\/span>\u00abVenez d\u00e9couvrir en Arm\u00e9nie une ville d\u2019art et d\u2019artisanat\u00bb<\/h4>\r\n[vc_row section=&#8221;yes&#8221; background=&#8221;alternate&#8221; section_id=&#8221;posts&#8221;]\r\n[vc_column width=&#8221;2\/3&#8243;][vc_column_text]\r\n<p>La ville de Gumri, loin des clich\u00e9s, est l\u2019h\u00e9riti\u00e8re d\u2019un riche pass\u00e9 dont les traces sont encore visibles. La deuxi\u00e8me ville d\u2019Arm\u00e9nie pr\u00e9sente en effet un int\u00e9r\u00eat important pour ceux qui cherchent \u00e0 d\u00e9couvrir un autre visage de ce pays, notamment au travers d\u2019un tourisme social et solidaire. La brochure consacr\u00e9e \u00e0 cette ville, r\u00e9alis\u00e9e par KASA, propose ainsi de faire connaitre les aspects saillants de cette ville atypique et notamment de comprendre son surnom de ville aux 100 artisanats.<br \/>\r\nOutre des informations pratiques (logements, restaurants, plan, etc.), la brochure contient un bref historique de la ville, des indications g\u00e9n\u00e9rales relatives aux patrimoines architectural, artistique et artisanal, le folklore ou encore la gastronomie. Elle indique \u00e9galement de mani\u00e8re pr\u00e9cise les principaux lieux d\u2019int\u00e9r\u00eat de la ville et offre un aper\u00e7u des principales organisations actives \u00e0 Gumri dans les domaines humanitaire et du d\u00e9veloppement. Enfin, pour les curieux et amateurs d\u2019immersion, KASA propose des circuits de d\u00e9couverte de Gumri et de sa r\u00e9gion.<\/p>\r\n<p>Pour la d\u00e9couverte de Gumri, la brochure de KASA est un outil indispensable.<\/p>\r\n[\/vc_column_text][\/vc_column]\r\n[vc_column width=&#8221;1\/3&#8243;][vc_column_text]<a ref=\"magnificPopup\" href=\"https:\/\/kasa.am\/wp-content\/uploads\/2016\/01\/Brochure-de-gumri.jpg\" rel=\"attachment wp-att-2289\"><img loading=\"lazy\" decoding=\"async\" class=\"size-medium wp-image-2289 alignright\" src=\"https:\/\/kasa.am\/wp-content\/uploads\/2016\/01\/Brochure-de-gumri-209x300.jpg\" alt=\"Brochure-de-gumri\" height=\"300\" width=\"209\" srcset=\"https:\/\/kasa.am\/wp-content\/uploads\/2016\/01\/Brochure-de-gumri-209x300.jpg 209w, https:\/\/kasa.am\/wp-content\/uploads\/2016\/01\/Brochure-de-gumri-768x1104.jpg 768w, https:\/\/kasa.am\/wp-content\/uploads\/2016\/01\/Brochure-de-gumri-712x1024.jpg 712w, https:\/\/kasa.am\/wp-content\/uploads\/2016\/01\/Brochure-de-gumri-465x669.jpg 465w, https:\/\/kasa.am\/wp-content\/uploads\/2016\/01\/Brochure-de-gumri-350x503.jpg 350w, https:\/\/kasa.am\/wp-content\/uploads\/2016\/01\/Brochure-de-gumri.jpg 1689w\" sizes=\"auto, (max-width: 209px) 100vw, 209px\" \/><\/a> [\/vc_column_text][\/vc_column]\r\n[\/vc_row]<\/div><\/div><\/div>","protected":false},"excerpt":{"rendered":"<p>Pr\u00e9sentation de la brochure de Gumri :\u00a0\u00abVenez d\u00e9couvrir en Arm\u00e9nie une ville d\u2019art et d\u2019artisanat\u00bb [vc_row section=&#8221;yes&#8221; background=&#8221;alternate&#8221; section_id=&#8221;posts&#8221;] [vc_column width=&#8221;2\/3&#8243;][vc_column_text] La ville de Gumri, loin des clich\u00e9s, est l\u2019h\u00e9riti\u00e8re d\u2019un riche pass\u00e9 dont les traces sont encore visibles. La<\/p>\n","protected":false},"author":1,"featured_media":0,"parent":0,"menu_order":0,"comment_status":"closed","ping_status":"closed","template":"","meta":{"footnotes":""},"class_list":["post-7568","page","type-page","status-publish","hentry"],"_links":{"self":[{"href":"https:\/\/kasa.am\/hy\/wp-json\/wp\/v2\/pages\/7568","targetHints":{"allow":["GET"]}}],"collection":[{"href":"https:\/\/kasa.am\/hy\/wp-json\/wp\/v2\/pages"}],"about":[{"href":"https:\/\/kasa.am\/hy\/wp-json\/wp\/v2\/types\/page"}],"author":[{"embeddable":true,"href":"https:\/\/kasa.am\/hy\/wp-json\/wp\/v2\/users\/1"}],"replies":[{"embeddable":true,"href":"https:\/\/kasa.am\/hy\/wp-json\/wp\/v2\/comments?post=7568"}],"version-history":[{"count":0,"href":"https:\/\/kasa.am\/hy\/wp-json\/wp\/v2\/pages\/7568\/revisions"}],"wp:attachment":[{"href":"https:\/\/kasa.am\/hy\/wp-json\/wp\/v2\/media?parent=7568"}],"curies":[{"name":"wp","href":"https:\/\/api.w.org\/{rel}","templated":true}]}}