{"id":7566,"date":"2016-01-30T20:46:53","date_gmt":"2016-01-30T16:46:53","guid":{"rendered":"https:\/\/kasa.am\/hy\/?page_id=7566"},"modified":"2022-04-05T17:35:35","modified_gmt":"2022-04-05T13:35:35","slug":"%d5%a3%d6%80%d6%84%d5%b8%d6%82%d5%b5%d5%af-%d5%b7%d5%ab%d6%80%d5%a1%d5%af%d5%ab-%d5%b4%d5%a1%d6%80%d5%a6%d5%ab-%d5%b4%d5%a1%d5%bd%d5%ab%d5%b6","status":"publish","type":"page","link":"https:\/\/kasa.am\/hy\/%d5%a3%d6%80%d6%84%d5%b8%d6%82%d5%b5%d5%af-%d5%b7%d5%ab%d6%80%d5%a1%d5%af%d5%ab-%d5%b4%d5%a1%d6%80%d5%a6%d5%ab-%d5%b4%d5%a1%d5%bd%d5%ab%d5%b6\/","title":{"rendered":"\u0533\u0580\u0584\u0578\u0582\u0575\u056f \u0547\u056b\u0580\u0561\u056f\u056b \u0574\u0561\u0580\u0566\u056b \u0574\u0561\u057d\u056b\u0576"},"content":{"rendered":"<div class=\"l-submain\"><div class=\"l-submain-h g-html i-cf\"><div class=\"wpb-content-wrapper\"><h4>Pr\u00e9sentation de la brochure de Chirak:<span class=\"Apple-converted-space\">\u00a0<\/span>\u00abUne r\u00e9gion d\u2019Arm\u00e9nie \u00e0 d\u00e9couvrir sur les pas de Chara\u2026\u00bb<\/h4>\r\n[vc_row section=&#8221;yes&#8221; background=&#8221;alternate&#8221; section_id=&#8221;posts&#8221;]\r\n[vc_column width=&#8221;2\/3&#8243;][vc_column_text]\r\n<p>Situ\u00e9e au nord-ouest de l\u2019Arm\u00e9nie, la r\u00e9gion de Chirak, avec Gumri pour chef-lieu, t\u00e9moigne de mani\u00e8re forte de son pass\u00e9 exceptionnel, entre richesse architecturale due au voisinage d\u2019Ani et son importance majeure comme territoire aux marges de plusieurs empires. La brochure r\u00e9alis\u00e9e par KASA offre un aper\u00e7u complet de l\u2019offre touristique de cette r\u00e9gion.<br \/>\r\nLa brochure contient en premier lieu des indications g\u00e9n\u00e9rales quant \u00e0 la g\u00e9ographie et \u00e0 l\u2019histoire du peuplement de la r\u00e9gion. Ensuite, une carte du Chirak rel\u00e8ve tous les lieux dignes d\u2019int\u00e9r\u00eat de la r\u00e9gion. Pour les sites majeurs, la brochure contient des pr\u00e9cisions compl\u00e9mentaires et les sites notamment de Marmashen ou d\u2019Ereruyk sont d\u00e9crits, \u00e0 l\u2019aide d\u2019un glossaire, de mani\u00e8re sp\u00e9cifique. Pour les amateurs d\u2019excursions, la brochure contient enfin des propositions d\u2019itin\u00e9raires int\u00e9ressants.<br \/>\r\nUn outil indispensable pour la d\u00e9couverte du Chirak\u00a0!<\/p>\r\n[\/vc_column_text][\/vc_column]\r\n[vc_column width=&#8221;1\/3&#8243;][vc_column_text]<a ref=\"magnificPopup\" href=\"https:\/\/kasa.am\/wp-content\/uploads\/2016\/01\/brochure-de-chirak.jpg\" rel=\"attachment wp-att-2260\"><img loading=\"lazy\" decoding=\"async\" class=\"size-medium wp-image-2260 alignright\" src=\"https:\/\/kasa.am\/wp-content\/uploads\/2016\/01\/brochure-de-chirak-213x300.jpg\" alt=\"brochure-de-chirak\" height=\"300\" width=\"213\" srcset=\"https:\/\/kasa.am\/wp-content\/uploads\/2016\/01\/brochure-de-chirak-213x300.jpg 213w, https:\/\/kasa.am\/wp-content\/uploads\/2016\/01\/brochure-de-chirak-768x1083.jpg 768w, https:\/\/kasa.am\/wp-content\/uploads\/2016\/01\/brochure-de-chirak-726x1024.jpg 726w, https:\/\/kasa.am\/wp-content\/uploads\/2016\/01\/brochure-de-chirak-465x656.jpg 465w, https:\/\/kasa.am\/wp-content\/uploads\/2016\/01\/brochure-de-chirak-350x494.jpg 350w, https:\/\/kasa.am\/wp-content\/uploads\/2016\/01\/brochure-de-chirak.jpg 1737w\" sizes=\"auto, (max-width: 213px) 100vw, 213px\" \/><\/a> [\/vc_column_text][\/vc_column]\r\n[\/vc_row]<\/div><\/div><\/div>","protected":false},"excerpt":{"rendered":"<p>Pr\u00e9sentation de la brochure de Chirak:\u00a0\u00abUne r\u00e9gion d\u2019Arm\u00e9nie \u00e0 d\u00e9couvrir sur les pas de Chara\u2026\u00bb [vc_row section=&#8221;yes&#8221; background=&#8221;alternate&#8221; section_id=&#8221;posts&#8221;] [vc_column width=&#8221;2\/3&#8243;][vc_column_text] Situ\u00e9e au nord-ouest de l\u2019Arm\u00e9nie, la r\u00e9gion de Chirak, avec Gumri pour chef-lieu, t\u00e9moigne de mani\u00e8re forte de son<\/p>\n","protected":false},"author":1,"featured_media":0,"parent":0,"menu_order":0,"comment_status":"closed","ping_status":"closed","template":"","meta":{"footnotes":""},"class_list":["post-7566","page","type-page","status-publish","hentry"],"_links":{"self":[{"href":"https:\/\/kasa.am\/hy\/wp-json\/wp\/v2\/pages\/7566","targetHints":{"allow":["GET"]}}],"collection":[{"href":"https:\/\/kasa.am\/hy\/wp-json\/wp\/v2\/pages"}],"about":[{"href":"https:\/\/kasa.am\/hy\/wp-json\/wp\/v2\/types\/page"}],"author":[{"embeddable":true,"href":"https:\/\/kasa.am\/hy\/wp-json\/wp\/v2\/users\/1"}],"replies":[{"embeddable":true,"href":"https:\/\/kasa.am\/hy\/wp-json\/wp\/v2\/comments?post=7566"}],"version-history":[{"count":0,"href":"https:\/\/kasa.am\/hy\/wp-json\/wp\/v2\/pages\/7566\/revisions"}],"wp:attachment":[{"href":"https:\/\/kasa.am\/hy\/wp-json\/wp\/v2\/media?parent=7566"}],"curies":[{"name":"wp","href":"https:\/\/api.w.org\/{rel}","templated":true}]}}