{"id":7562,"date":"2016-01-30T19:17:26","date_gmt":"2016-01-30T15:17:26","guid":{"rendered":"https:\/\/kasa.am\/hy\/?page_id=7562"},"modified":"2017-04-07T16:24:11","modified_gmt":"2017-04-07T12:24:11","slug":"%d6%86%d6%80%d5%a1%d5%b6%d5%bd%d5%a1%d5%ac%d5%a5%d5%a6%d5%b8%d6%82-%d5%ba%d5%a1%d6%80%d5%a2%d5%a5%d6%80%d5%a1%d5%af%d5%a1%d5%b6","status":"publish","type":"page","link":"https:\/\/kasa.am\/hy\/%d6%86%d6%80%d5%a1%d5%b6%d5%bd%d5%a1%d5%ac%d5%a5%d5%a6%d5%b8%d6%82-%d5%ba%d5%a1%d6%80%d5%a2%d5%a5%d6%80%d5%a1%d5%af%d5%a1%d5%b6\/","title":{"rendered":"\u0556\u0580\u0561\u0576\u057d\u0561\u056c\u0565\u0566\u0578\u0582 \u057a\u0561\u0580\u0562\u0565\u0580\u0561\u056f\u0561\u0576"},"content":{"rendered":"<div class=\"l-submain\"><div class=\"l-submain-h g-html i-cf\"><div class=\"wpb-content-wrapper\"><h4><span style=\"font-size: 18pt\">Gazette<\/span>: terme bien fran\u00e7ais, n\u00e9 au XVIIe s. du v\u00e9nitien gazeta, petite monnaie \u2013 c\u2019\u00e9tait le prix d\u2019un num\u00e9ro-. \u00c9crit p\u00e9riodique, contenant des nouvelles actuelles, permettant de s\u2019ouvrir au monde, \u00e0 la culture.<\/h4>\r\n[vc_row section=&#8221;yes&#8221; background=&#8221;alternate&#8221; section_id=&#8221;posts&#8221;]\r\n [vc_column width=&#8221;2\/3&#8243;][vc_column_text]\r\n<p style=\"text-align: left\">La petite gazette francophone de la Fondation Humanitaire Suisse KASA a 3 ans. Elle continue \u00e0 faire partie du paysage francophone. Vous y trouverez toujours des portraits, des offres d\u2019emplois et de formations, des pr\u00e9sentations de livres qui valent le d\u00e9tour, des sujets d\u2019actualit\u00e9s, des programmes d\u2019\u00e9v\u00e9nements de la francophonie. Et parce qu\u2019il ne faut pas abuser des bonnes choses, la gazette sera diffus\u00e9e une fois tous les trois mois.<code><div id=\"target-id69d78562f230e\" class=\"collapseomatic_content \"><\/code><\/p>\r\n<p>Com\u2019 tu veux ?<br \/>\r\n Com\u2019 est le diminutif de communication. KASA a la volont\u00e9 de transmettre des informations utiles aux francophones.<br \/>\r\n La gazette vous propose des formations utiles, des offres d\u2019emploi, des conseils de professionnels. Tu veux renvoie au fait qu\u2019il ne tient qu\u2019\u00e0 vous de devenir acteur de votre propre vie!<br \/>\r\n Si vous souhaitez vous inscrire \u00e0 notre liste d\u2019envois \u00e9lectroniques, envoyez un mail \u00e0 anna.tchopourian[at]kasa.am.<br \/>\r\n Nous vous souhaitons une excellente lecture.<\/p>\r\n<p style=\"text-align: right\">L\u2019\u00e9quipe de KASA<code><\/div><span class=\"collapseomatic \" id=\"id69d78562f230e\"  tabindex=\"0\" title=\"Lire Plus\"    >Lire Plus<\/span><span id='swap-id69d78562f230e'  class='colomat-swap' style='display:none;'>Lire moins<\/span><\/code><\/p>\r\n<p>&nbsp;<\/p>\r\n<h2 class=\"pdftitle\"><a href=\"https:\/\/kasa.am\/wp-content\/uploads\/2016\/01\/ComTu-veux-La-gazette-de-KASA_14.pdf\"><img loading=\"lazy\" decoding=\"async\" style=\"margin-bottom: -20px\" class=\"alignleft  wp-image-579\" src=\"https:\/\/kasa.am\/wp-content\/uploads\/2016\/01\/icon-354353_640.png\" alt=\"Adobe_PDF_icon11\" height=\"60\" width=\"60\" \/><\/a><a title=\"Permalink to Avril 2017\" href=\"https:\/\/kasa.am\/wp-content\/uploads\/2016\/01\/ComTu-veux-La-gazette-de-KASA_14.pdf\" target=\"_blank\" rel=\"bookmark\">Avril 2017<\/a><\/h2>\r\n<a href=\"https:\/\/kasa.am\/wp-content\/uploads\/2016\/01\/ComTu-veux-La-gazette-de-KASA_14.pdf\" class=\"pdfemb-viewer\" style=\"width:613px;\" data-width=\"613\" data-height=\"max\" data-toolbar=\"top\" data-toolbar-fixed=\"off\">ComTu-veux-La-gazette-de-KASA_14<\/a>\r\n<p>&nbsp;<\/p>\r\n<h2 class=\"pdftitle\"><a href=\"https:\/\/kasa.am\/wp-content\/uploads\/2016\/01\/ComTu-veux-La-gazette-de-KASA_13.pdf\"><img loading=\"lazy\" decoding=\"async\" style=\"margin-bottom: -20px\" class=\"alignleft  wp-image-579\" src=\"https:\/\/kasa.am\/wp-content\/uploads\/2016\/01\/icon-354353_640.png\" alt=\"Adobe_PDF_icon11\" height=\"60\" width=\"60\" \/><\/a><a title=\"Permalink to Mars 2016\" href=\"https:\/\/kasa.am\/wp-content\/uploads\/2016\/01\/ComTu-veux-La-gazette-de-KASA_13.pdf\" target=\"_blank\" rel=\"bookmark\">Juin 2016<\/a><\/h2>\r\n<a href=\"https:\/\/kasa.am\/wp-content\/uploads\/2016\/01\/ComTu-veux-La-gazette-de-KASA_13.pdf\" class=\"pdfemb-viewer\" style=\"width:613px;\" data-width=\"613\" data-height=\"max\" data-toolbar=\"top\" data-toolbar-fixed=\"off\">ComTu-veux-La-gazette-de-KASA_13<\/a>\r\n<p>&nbsp;<\/p>\r\n<table style=\"width: 657px\">\r\n<tbody>\r\n<tr>\r\n<td style=\"width: 320.15px;height: 100px\">\r\n<h2 class=\"pdftitle\"><a href=\"https:\/\/kasa.am\/wp-content\/uploads\/2016\/01\/ComTu-veux-La-gazette-de-KASA_12.pdf\"><img loading=\"lazy\" decoding=\"async\" style=\"margin-bottom: -20px\" class=\"alignleft  wp-image-579\" src=\"https:\/\/kasa.am\/wp-content\/uploads\/2016\/01\/icon-354353_640.png\" alt=\"Adobe_PDF_icon11\" height=\"60\" width=\"60\" \/><\/a><a title=\"Permalink to Mars 2016\" href=\"https:\/\/kasa.am\/wp-content\/uploads\/2016\/01\/ComTu-veux-La-gazette-de-KASA_12.pdf\" target=\"_blank\" rel=\"bookmark\">Mars 2016<\/a><\/h2>\r\n<\/td>\r\n<td style=\"width: 320.15px;height: 100px\">\r\n<h2 class=\"pdftitle\"><a href=\"https:\/\/kasa.am\/wp-content\/uploads\/2016\/01\/ComTu-veux-La-gazette-1115.pdf\"><img loading=\"lazy\" decoding=\"async\" style=\"margin-bottom: -20px\" class=\"wp-image-579 alignleft\" src=\"https:\/\/kasa.am\/wp-content\/uploads\/2016\/01\/icon-354353_640.png\" alt=\"Adobe_PDF_icon11\" height=\"60\" width=\"60\" \/><\/a><a title=\"Permalink to Novembre 2015\" href=\"https:\/\/kasa.am\/wp-content\/uploads\/2016\/01\/ComTu-veux-La-gazette-1115.pdf\" target=\"_blank\" rel=\"bookmark\">Novembre 2015<\/a><\/h2>\r\n<\/td>\r\n<\/tr>\r\n<tr>\r\n<td style=\"width: 320.15px;height: 100px\">\r\n<h2 class=\"pdftitle\"><a href=\"https:\/\/kasa.am\/wp-content\/uploads\/2016\/01\/Com_Tu_veux_La-gazette_0515.pdf\"><img loading=\"lazy\" decoding=\"async\" style=\"margin-bottom: -20px\" class=\"wp-image-579 alignleft\" src=\"https:\/\/kasa.am\/wp-content\/uploads\/2016\/01\/icon-354353_640.png\" alt=\"Adobe_PDF_icon11\" height=\"60\" width=\"60\" \/><\/a><a title=\"Permalink to Mai 2015\" href=\"https:\/\/kasa.am\/wp-content\/uploads\/2016\/01\/Com_Tu_veux_La-gazette_0515.pdf\" target=\"_blank\" rel=\"bookmark\">Mai 2015<\/a><\/h2>\r\n<\/td>\r\n<td style=\"width: 320.15px;height: 100px\">\r\n<h2 class=\"pdftitle\"><a href=\"https:\/\/kasa.am\/wp-content\/uploads\/2016\/01\/ComTu-veux-La-gazette-0215.pdf\"><img loading=\"lazy\" decoding=\"async\" style=\"margin-bottom: -20px\" class=\"wp-image-579 alignleft\" src=\"https:\/\/kasa.am\/wp-content\/uploads\/2016\/01\/icon-354353_640.png\" alt=\"Adobe_PDF_icon11\" height=\"60\" width=\"60\" \/><\/a><a title=\"Permalink to F\u00e9vrier 2015\" href=\"https:\/\/kasa.am\/wp-content\/uploads\/2016\/01\/ComTu-veux-La-gazette-0215.pdf\" target=\"_blank\" rel=\"bookmark\">F\u00e9vrier 2015<\/a><\/h2>\r\n<\/td>\r\n<\/tr>\r\n<tr>\r\n<td style=\"width: 320.15px;height: 100px\">\r\n<h2 class=\"pdftitle\"><a href=\"https:\/\/kasa.am\/wp-content\/uploads\/2016\/01\/ComTu-veux-La-gazette-1114.pdf\"><img loading=\"lazy\" decoding=\"async\" style=\"margin-bottom: -20px\" class=\"wp-image-579 alignleft\" src=\"https:\/\/kasa.am\/wp-content\/uploads\/2016\/01\/icon-354353_640.png\" alt=\"Adobe_PDF_icon11\" height=\"60\" width=\"60\" \/><\/a><a title=\"Permalink to Novembre 2014\" href=\"https:\/\/kasa.am\/wp-content\/uploads\/2016\/01\/ComTu-veux-La-gazette-1114.pdf\" target=\"_blank\" rel=\"bookmark\">Novembre 2014<\/a><\/h2>\r\n<\/td>\r\n<td style=\"width: 320.15px;height: 100px\">\r\n<h2 class=\"pdftitle\"><a href=\"https:\/\/kasa.am\/wp-content\/uploads\/2016\/01\/ComTu-veux-La-gazette-0514.pdf\"><img loading=\"lazy\" decoding=\"async\" style=\"margin-bottom: -20px\" class=\"wp-image-579 alignleft\" src=\"https:\/\/kasa.am\/wp-content\/uploads\/2016\/01\/icon-354353_640.png\" alt=\"Adobe_PDF_icon11\" height=\"60\" width=\"60\" \/><\/a><a title=\"Permalink to Mai 2014\" href=\"https:\/\/kasa.am\/wp-content\/uploads\/2016\/01\/ComTu-veux-La-gazette-0514.pdf\" target=\"_blank\" rel=\"bookmark\">Mai 2014<\/a><\/h2>\r\n<\/td>\r\n<\/tr>\r\n<tr>\r\n<td style=\"width: 320.15px;height: 100px\">\r\n<h2 class=\"pdftitle\"><a href=\"https:\/\/kasa.am\/wp-content\/uploads\/2016\/01\/ComTu-veux-La-gazette-0214.pdf\"><img loading=\"lazy\" decoding=\"async\" style=\"margin-bottom: -20px\" class=\"wp-image-579 alignleft\" src=\"https:\/\/kasa.am\/wp-content\/uploads\/2016\/01\/icon-354353_640.png\" alt=\"Adobe_PDF_icon11\" height=\"60\" width=\"60\" \/><\/a><a title=\"Permalink to F\u00e9vrier 2014\" href=\"https:\/\/kasa.am\/wp-content\/uploads\/2016\/01\/ComTu-veux-La-gazette-0214.pdf\" target=\"_blank\" rel=\"bookmark\">F\u00e9vrier 2014<\/a><\/h2>\r\n<\/td>\r\n<td style=\"width: 320.15px;height: 100px\">\r\n<h2 class=\"pdftitle\"><a href=\"https:\/\/kasa.am\/wp-content\/uploads\/2016\/01\/ComTu-veux-La-gazette-1013.pdf\"><img loading=\"lazy\" decoding=\"async\" style=\"margin-bottom: -20px\" class=\"wp-image-579 alignleft\" src=\"https:\/\/kasa.am\/wp-content\/uploads\/2016\/01\/icon-354353_640.png\" alt=\"Adobe_PDF_icon11\" height=\"60\" width=\"60\" \/><\/a><a title=\"Permalink to Octobre 2013\" href=\"https:\/\/kasa.am\/wp-content\/uploads\/2016\/01\/ComTu-veux-La-gazette-1013.pdf\" target=\"_blank\" rel=\"bookmark\">Octobre 2013<\/a><\/h2>\r\n<\/td>\r\n<\/tr>\r\n<tr>\r\n<td style=\"width: 320.15px;height: 100px\">\r\n<h2 class=\"pdftitle\"><a href=\"https:\/\/kasa.am\/wp-content\/uploads\/2016\/01\/ComTu-veux-Le-journal-0713.pdf\"><img loading=\"lazy\" decoding=\"async\" style=\"margin-bottom: -20px\" class=\"wp-image-579 alignleft\" src=\"https:\/\/kasa.am\/wp-content\/uploads\/2016\/01\/icon-354353_640.png\" alt=\"Adobe_PDF_icon11\" height=\"60\" width=\"60\" \/><\/a><a title=\"Permalink to Juillet 2013\" href=\"https:\/\/kasa.am\/wp-content\/uploads\/2016\/01\/ComTu-veux-Le-journal-0713.pdf\" target=\"_blank\" rel=\"bookmark\">Juillet 2013<\/a><\/h2>\r\n<\/td>\r\n<td style=\"width: 320.15px;height: 100px\">\r\n<h2 class=\"pdftitle\"><a href=\"https:\/\/kasa.am\/wp-content\/uploads\/2016\/01\/3.-ComTu-veux-La-journal-0513.pdf\"><img loading=\"lazy\" decoding=\"async\" style=\"margin-bottom: -20px\" class=\"wp-image-579 alignleft\" src=\"https:\/\/kasa.am\/wp-content\/uploads\/2016\/01\/icon-354353_640.png\" alt=\"Adobe_PDF_icon11\" height=\"60\" width=\"60\" \/><\/a><a title=\"Permalink to Mai 2013\" href=\"https:\/\/kasa.am\/wp-content\/uploads\/2016\/01\/3.-ComTu-veux-La-journal-0513.pdf\" target=\"_blank\" rel=\"bookmark\">Mai 2013<\/a><\/h2>\r\n<\/td>\r\n<\/tr>\r\n<tr>\r\n<td style=\"width: 320.15px;height: 100px\">\r\n<h2 class=\"pdftitle\"><a href=\"https:\/\/kasa.am\/wp-content\/uploads\/2016\/01\/ComTu-veux-Le-journal-0313.pdf\"><img loading=\"lazy\" decoding=\"async\" style=\"margin-bottom: -20px\" class=\"wp-image-579 alignleft\" src=\"https:\/\/kasa.am\/wp-content\/uploads\/2016\/01\/icon-354353_640.png\" alt=\"Adobe_PDF_icon11\" height=\"60\" width=\"60\" \/><\/a><a title=\"Permalink to Mars 2013\" href=\"https:\/\/kasa.am\/wp-content\/uploads\/2016\/01\/ComTu-veux-Le-journal-0313.pdf\" target=\"_blank\" rel=\"bookmark\">Mars 2013<\/a><\/h2>\r\n<\/td>\r\n<td style=\"width: 320.15px;height: 100px\">\r\n<h2 class=\"pdftitle\"><a href=\"https:\/\/kasa.am\/wp-content\/uploads\/2016\/01\/ComTu-veux-Le-journal-0113.pdf\"><img loading=\"lazy\" decoding=\"async\" style=\"margin-bottom: -20px\" class=\"wp-image-579 alignleft\" src=\"https:\/\/kasa.am\/wp-content\/uploads\/2016\/01\/icon-354353_640.png\" alt=\"Adobe_PDF_icon11\" height=\"60\" width=\"60\" \/><\/a><a title=\"Permalink to Janvier 2013\" href=\"https:\/\/kasa.am\/wp-content\/uploads\/2016\/01\/ComTu-veux-Le-journal-0113.pdf\" target=\"_blank\" rel=\"bookmark\">Janvier 2013<\/a><\/h2>\r\n<\/td>\r\n<\/tr>\r\n<\/tbody>\r\n<\/table>\r\n[\/vc_column_text][\/vc_column][vc_column width=&#8221;1\/3&#8243;][vc_column_text] [\/vc_column_text][\/vc_column][\/vc_row]<\/div><\/div><\/div>","protected":false},"excerpt":{"rendered":"<p>Gazette: terme bien fran\u00e7ais, n\u00e9 au XVIIe s. du v\u00e9nitien gazeta, petite monnaie \u2013 c\u2019\u00e9tait le prix d\u2019un num\u00e9ro-. \u00c9crit p\u00e9riodique, contenant des nouvelles actuelles, permettant de s\u2019ouvrir au monde, \u00e0 la culture. [vc_row section=&#8221;yes&#8221; background=&#8221;alternate&#8221; section_id=&#8221;posts&#8221;] [vc_column width=&#8221;2\/3&#8243;][vc_column_text] La<\/p>\n","protected":false},"author":1,"featured_media":0,"parent":0,"menu_order":0,"comment_status":"closed","ping_status":"closed","template":"","meta":{"footnotes":""},"class_list":["post-7562","page","type-page","status-publish","hentry"],"_links":{"self":[{"href":"https:\/\/kasa.am\/hy\/wp-json\/wp\/v2\/pages\/7562","targetHints":{"allow":["GET"]}}],"collection":[{"href":"https:\/\/kasa.am\/hy\/wp-json\/wp\/v2\/pages"}],"about":[{"href":"https:\/\/kasa.am\/hy\/wp-json\/wp\/v2\/types\/page"}],"author":[{"embeddable":true,"href":"https:\/\/kasa.am\/hy\/wp-json\/wp\/v2\/users\/1"}],"replies":[{"embeddable":true,"href":"https:\/\/kasa.am\/hy\/wp-json\/wp\/v2\/comments?post=7562"}],"version-history":[{"count":0,"href":"https:\/\/kasa.am\/hy\/wp-json\/wp\/v2\/pages\/7562\/revisions"}],"wp:attachment":[{"href":"https:\/\/kasa.am\/hy\/wp-json\/wp\/v2\/media?parent=7562"}],"curies":[{"name":"wp","href":"https:\/\/api.w.org\/{rel}","templated":true}]}}