{"id":561,"date":"2015-12-20T04:41:58","date_gmt":"2015-12-20T00:41:58","guid":{"rendered":"https:\/\/kasa.am\/hy\/?page_id=561"},"modified":"2026-03-11T22:55:47","modified_gmt":"2026-03-11T18:55:47","slug":"%d5%a1%d5%bb%d5%a1%d5%af%d6%81%d5%b8%d6%82%d5%a9%d5%b5%d5%b8%d6%82%d5%b6","status":"publish","type":"page","link":"https:\/\/kasa.am\/hy\/%d5%a1%d5%bb%d5%a1%d5%af%d6%81%d5%b8%d6%82%d5%a9%d5%b5%d5%b8%d6%82%d5%b6\/","title":{"rendered":"\u0546\u057e\u056b\u0580\u0561\u0562\u0565\u0580\u0565\u056c"},"content":{"rendered":"<div class=\"l-submain\"><div class=\"l-submain-h g-html i-cf\"><div class=\"wpb-content-wrapper\">[vc_row section=&#8221;yes&#8221; section_id=&#8221;posts&#8221;]\r\n<table style=\"width: 78.5247%\">\r\n<tbody>\r\n<tr>\r\n<td colspan=\"2\" style=\"width: 9.98811%\">\r\n<h4 style=\"text-align: left\"><strong>DONS<\/strong><\/h4>\r\n<\/td>\r\n<td style=\"text-align: right;width: 116.175%\" colspan=\"2\">\u00a0\u00a0<span><em>(d\u00e9falqu\u00e9s fiscalement en Suisse; idem pour la France, si vers\u00e9s via ASFAR)<\/em><\/span><\/td>\r\n<\/tr>\r\n<tr>\r\n<td style=\"width: 8.56124%\">\u00a0<\/td>\r\n<\/tr>\r\n<tr>\r\n<td style=\"width: 8.56124%\"><strong><u>Suisse<\/u><\/strong><\/td>\r\n<td style=\"width: 1.42687%\">\u00a0<\/td>\r\n<td style=\"width: 62.0394%\">\r\n<div class=\"\"><b class=\"\"><br \/>\r\n<br \/>\r\nCompte postal \u00a0KASA, <\/b>1000 Lausanne<br \/>\r\nIBAN CH24 0900 0000 1727 4614 1<b class=\"\"><br \/>\r\n<br \/>\r\n<\/b><\/div>\r\n<div class=\"\"><\/div>\r\n<\/td>\r\n<td style=\"width: 54.1352%\">\r\n<p><a ref=\"magnificPopup\" href=\"https:\/\/kasa.am\/wp-content\/uploads\/2022\/11\/QR_KASA-300x300.jpg\"><img loading=\"lazy\" decoding=\"async\" src=\"https:\/\/kasa.am\/wp-content\/uploads\/2022\/11\/QR_KASA-300x300.jpg\" alt=\"\" class=\"wp-image-15571 alignright\" width=\"194\" height=\"194\" srcset=\"https:\/\/kasa.am\/wp-content\/uploads\/2022\/11\/QR_KASA-300x300.jpg 300w, https:\/\/kasa.am\/wp-content\/uploads\/2022\/11\/QR_KASA-150x150.jpg 150w, https:\/\/kasa.am\/wp-content\/uploads\/2022\/11\/QR_KASA-490x490.jpg 490w, https:\/\/kasa.am\/wp-content\/uploads\/2022\/11\/QR_KASA-465x467.jpg 465w, https:\/\/kasa.am\/wp-content\/uploads\/2022\/11\/QR_KASA-91x91.jpg 91w, https:\/\/kasa.am\/wp-content\/uploads\/2022\/11\/QR_KASA-160x160.jpg 160w, https:\/\/kasa.am\/wp-content\/uploads\/2022\/11\/QR_KASA-192x192.jpg 192w, https:\/\/kasa.am\/wp-content\/uploads\/2022\/11\/QR_KASA-244x244.jpg 244w, https:\/\/kasa.am\/wp-content\/uploads\/2022\/11\/QR_KASA-350x350.jpg 350w, https:\/\/kasa.am\/wp-content\/uploads\/2022\/11\/QR_KASA.jpg 546w\" sizes=\"auto, (max-width: 194px) 100vw, 194px\" \/><\/a><\/p>\r\n<\/td>\r\n<\/tr>\r\n<tr>\r\n<td style=\"width: 8.56124%\"><\/td>\r\n<td style=\"width: 1.42687%\"><span style=\"font-size: 14pt\">\u00a0<\/span><\/td>\r\n<td style=\"width: 62.0394%\"><span style=\"font-size: 12pt\"><span style=\"font-size: 14pt\"><b class=\"\"><br \/>\r\nCompte bancaire UBS\u00a0 \u00a0 \u00a0 <\/b><span style=\"font-size: 12pt\">KASA-KOMITAS \/\u00a0CHF<\/span><\/span><span class=\"Apple-tab-span\">\u00a0<\/span><b class=\"\"><br \/>\r\n<br \/>\r\n<\/b><\/span><\/td>\r\n<td style=\"text-align: right;width: 54.1352%\"><span style=\"font-size: 14pt\"><br \/>\r\nIBAN CH67 0024 3243 FS12 0520 1\u00a0<\/span><\/td>\r\n<\/tr>\r\n<tr>\r\n<td style=\"width: 8.56124%\"><strong><u>France<\/u><\/strong><\/td>\r\n<td style=\"width: 1.42687%\">\u00a0<\/td>\r\n<td style=\"width: 62.0394%\"><strong>Ch\u00e8que en \u20ac via ASFAR<\/strong>, Jean-Louis Fayolle, tr\u00e9sorier, 66 rte Nationale 6 <br \/>\r\n69 380 Les Ch\u00e8res\/France<span> +33 (0) 6 88 37 10 05<\/span><\/td>\r\n<td style=\"text-align: right;width: 54.1352%\"><span style=\"font-size: 10pt\"><b class=\"\"><a href=\"mailto:jean-louis.fayolle@free.fr\" class=\"\">jean-louis.fayolle@free.fr<\/a><\/b><\/span><\/td>\r\n<\/tr>\r\n<tr>\r\n<td style=\"width: 8.56124%\"><span style=\"font-size: 14pt\">\u00a0<\/span><\/td>\r\n<td style=\"width: 1.42687%\"><span style=\"font-size: 14pt\">\u00a0<\/span><\/td>\r\n<td style=\"width: 62.0394%\"><span style=\"font-size: 14pt\">\u00a0<\/span><\/td>\r\n<td style=\"width: 54.1352%\"><span style=\"font-size: 14pt\">\u00a0<\/span><\/td>\r\n<\/tr>\r\n<tr>\r\n<td style=\"width: 8.56124%\"><strong><u>Autres<\/u><\/strong><\/td>\r\n<td style=\"width: 1.42687%\">\u00a0<\/td>\r\n<td style=\"width: 62.0394%\"><strong>\u20ac UBS\u00a0\u00a0\u00a0\u00a0\u00a0\u00a0\u00a0 \u00a0\u00a0\u00a0\u00a0\u00a0\u00a0\u00a0\u00a0\u00a0\u00a0\u00a0\u00a0\u00a0\u00a0\u00a0\u00a0\u00a0\u00a0\u00a0\u00a0\u00a0\u00a0\u00a0\u00a0\u00a0\u00a0\u00a0\u00a0\u00a0<\/strong>KASA-KOMITAS \/ \u20ac<\/td>\r\n<td style=\"text-align: right;width: 54.1352%\">IBAN CH94 0024 3243 FS12 O520.0<\/td>\r\n<\/tr>\r\n<tr>\r\n<td style=\"width: 8.56124%\"><span style=\"font-size: 14pt\">\u00a0<\/span><\/td>\r\n<td style=\"width: 1.42687%\"><span style=\"font-size: 14pt\">\u00a0<\/span><\/td>\r\n<td style=\"width: 62.0394%\"><span style=\"font-size: 14pt\">\u00a0<\/span><\/td>\r\n<td style=\"width: 54.1352%\"><span style=\"font-size: 14pt\">\u00a0<\/span><\/td>\r\n<\/tr>\r\n<tr>\r\n<td style=\"text-align: left;width: 8.56124%\"><strong><u>Arm\u00e9nie<\/u><\/strong><\/td>\r\n<td style=\"width: 1.42687%\">\u00a0<\/td>\r\n<td colspan=\"2\" style=\"width: 116.175%\"><strong>ACBA-CREDIT AGRICOLE BANK, <\/strong>10 V. Sargsyan Street, premise N 123, 0009 Yerevan<\/td>\r\n<\/tr>\r\n<tr>\r\n<td style=\"width: 8.56124%\">\u00a0<\/td>\r\n<td style=\"width: 1.42687%\">\u00a0\u00a0<\/td>\r\n<td style=\"text-align: left;vertical-align: top;width: 62.0394%\">KASA Fondation Humanitaire Suisse<\/td>\r\n<td style=\"text-align: right;vertical-align: top;width: 54.1352%\">BIC code: AGCAAM22<br \/>\r\nIBAN 220413350012006 (<span style=\"font-size: 10pt\">compte CHF<\/span>)<br \/>\r\nIBAN 220003351735002 (<span style=\"font-size: 10pt\">compte EURO<\/span>)<br \/>\r\nIBAN 220003352477000 (<span style=\"font-size: 10pt\">compte AMD<\/span>)<\/td>\r\n<\/tr>\r\n<\/tbody>\r\n<\/table>\r\n[\/vc_row]\r\n[vc_row section=&#8221;yes&#8221; background=&#8221;alternate&#8221; section_id=&#8221;posts&#8221;]\r\n<h1>\u053b\u0576\u0579\u057a\u0565\u055e\u057d \u0561\u057b\u0561\u056f\u0581\u0565\u056c \u0574\u0565\u0566<\/h1>\r\n<ul>\r\n\t<li><strong>\u0540\u0580\u0561\u057e\u056b\u0580\u0565\u0584 \u0574\u0565\u0566 \u056d\u0578\u057d\u0565\u056c\u0578\u0582<\/strong> \u0540\u0561\u0575\u0561\u057d\u057f\u0561\u0576\u056b \u0587 \u00ab\u053f\u0531\u0536\u0531\u00bb-\u056b \u0574\u0561\u057d\u056b\u0576 \u0561\u056f\u0578\u0582\u0574\u0562\u056b, \u056e\u056d\u0561\u056f\u0561\u0576 \u0570\u0561\u0574\u0561\u0575\u0576\u0584\u056b \u0570\u0561\u057e\u0561\u0584\u056b, \u0568\u0576\u056f\u0565\u0580\u0561\u056f\u0561\u0576 \u0570\u0561\u057e\u0561\u0584\u0578\u0582\u0575\u0569\u056b \u0577\u0580\u057b\u0561\u0576\u0561\u056f\u0576\u0565\u0580\u0578\u0582\u0574\u2026<\/li>\r\n\t<li>\u0555\u0563\u0576\u0565\u0584 \u0574\u0565\u0566 <strong>\u056f\u0561\u0566\u0574\u0561\u056f\u0565\u0580\u057a\u0565\u056c \u0570\u0561\u0574\u0565\u0580\u0563\u055d<\/strong> \u0581\u0578\u0582\u0575\u0581 \u057f\u0561\u056c\u0578\u057e \u057d\u0580\u0561\u0570\u0576\u0565\u0580 \u056f\u0561\u0574 \u0565\u056f\u0565\u0572\u0565\u0581\u056b\u0576\u0565\u0580, \u0578\u0580\u057f\u0565\u0572 \u056f\u0561 \u0564\u0561\u0577\u0576\u0561\u0574\u0578\u0582\u0580 (\u0565\u0580\u0563\u0565\u0581\u0578\u0572\u0578\u0582\u0569\u0575\u0578\u0582\u0576 \u0587\/\u056f\u0561\u0574 \u0570\u0561\u0575\u056f\u0561\u056f\u0561\u0576 \u0563\u0578\u0580\u056e\u056b\u0584\u0561\u0575\u056b\u0576 \u0565\u0580\u0561\u056a\u0577\u057f\u0578\u0582\u0569\u0575\u0578\u0582\u0576):<\/li>\r\n\t<li>\u053f\u056b\u057d\u0565\u0584 \u0574\u0565\u0566 \u0570\u0565\u057f <strong>\u0571\u0565\u0580 \u0570\u0574\u057f\u0578\u0582\u0569\u0575\u0578\u0582\u0576\u0576\u0565\u0580\u0568<\/strong> (\u0578\u0582\u057d\u0561\u0576\u0578\u0572\u0576\u0565\u0580, \u0569\u0578\u0577\u0561\u056f\u0561\u057c\u0578\u0582\u0576\u0565\u0580) \u0574\u056b\u0561\u0576\u057e\u0561\u0563 \u056f\u0561\u0574 \u057f\u0587\u0561\u056f\u0561\u0576 \u0570\u0561\u0574\u0561\u0563\u0578\u0580\u056e\u0561\u056f\u0581\u0578\u0582\u0569\u0575\u0561\u0574\u0562:<\/li>\r\n\t<li>\u0540\u0561\u0575\u057f\u0576\u0565\u0584 \u0574\u0565\u0566 <strong>\u0570\u056b\u0574\u0576\u0561\u0564\u0580\u0561\u0574\u0576\u0565\u0580\u056b<\/strong> \u056f\u0561\u0574 \u0570\u0561\u0574\u0561\u0575\u0576\u0584\u0576\u0565\u0580\u056b \u0574\u0561\u057d\u056b\u0576, \u0578\u0580\u0578\u0576\u0584 \u0570\u0576\u0561\u0580\u0561\u057e\u0578\u0580 \u0567 \u0561\u057b\u0561\u056f\u0581\u0565\u0576 \u0574\u0561\u0580\u0564\u0561\u057d\u056b\u0580\u0561\u056f\u0561\u0576 \u0587 \u0566\u0561\u0580\u0563\u0561\u0581\u0574\u0561\u0576\u0576 \u0578\u0582\u0572\u0572\u057e\u0561\u056e \u0574\u0565\u0580 \u056e\u0580\u0561\u0563\u0580\u0565\u0580\u056b\u0576:<\/li>\r\n\t<li>\u0531\u057b\u0561\u056f\u0581\u0565\u0584 \u0574\u0565\u0566 <strong>\u0570\u0578\u057e\u0561\u0576\u0561\u057e\u0578\u0580\u0578\u0582\u0569\u0575\u0561\u0576 \u056f\u0561\u0574 \u0574\u056b\u0561\u0576\u057e\u0561\u0563 \u0576\u057e\u056b\u0580\u0561\u057f\u057e\u0578\u0582\u0569\u0575\u0561\u0576<\/strong> \u0574\u056b\u057b\u0578\u0581\u0578\u057e:<\/li>\r\n<\/ul>\r\n<p><em><strong>\u0544\u0565\u0576\u0584 \u0577\u0576\u0578\u0580\u0570\u0561\u056f\u0561\u056c \u0565\u0576\u0584 \u0562\u0578\u056c\u0578\u0580 \u0576\u0580\u0561\u0576\u0581, \u0578\u057e\u0584\u0565\u0580 \u0581\u0561\u0576\u056f\u0561\u0576\u0578\u0582\u0574 \u0565\u0576 \u056f\u056b\u057d\u0565\u056c \u0574\u0565\u0580 \u0570\u0561\u0576\u0571\u0576\u0561\u057c\u0578\u0582\u0569\u0575\u0578\u0582\u0576\u0568:<\/strong><\/em><\/p>\r\n[\/vc_row]<\/div><\/div><\/div>","protected":false},"excerpt":{"rendered":"<p>[vc_row section=&#8221;yes&#8221; section_id=&#8221;posts&#8221;] DONS \u00a0\u00a0(d\u00e9falqu\u00e9s fiscalement en Suisse; idem pour la France, si vers\u00e9s via ASFAR) \u00a0 Suisse \u00a0 Compte postal \u00a0KASA, 1000 Lausanne IBAN CH24 0900 0000 1727 4614 1 \u00a0 Compte bancaire UBS\u00a0 \u00a0 \u00a0 KASA-KOMITAS \/\u00a0CHF\u00a0 IBAN<\/p>\n","protected":false},"author":1,"featured_media":0,"parent":0,"menu_order":0,"comment_status":"closed","ping_status":"closed","template":"","meta":{"footnotes":""},"class_list":["post-561","page","type-page","status-publish","hentry"],"_links":{"self":[{"href":"https:\/\/kasa.am\/hy\/wp-json\/wp\/v2\/pages\/561","targetHints":{"allow":["GET"]}}],"collection":[{"href":"https:\/\/kasa.am\/hy\/wp-json\/wp\/v2\/pages"}],"about":[{"href":"https:\/\/kasa.am\/hy\/wp-json\/wp\/v2\/types\/page"}],"author":[{"embeddable":true,"href":"https:\/\/kasa.am\/hy\/wp-json\/wp\/v2\/users\/1"}],"replies":[{"embeddable":true,"href":"https:\/\/kasa.am\/hy\/wp-json\/wp\/v2\/comments?post=561"}],"version-history":[{"count":1,"href":"https:\/\/kasa.am\/hy\/wp-json\/wp\/v2\/pages\/561\/revisions"}],"predecessor-version":[{"id":19264,"href":"https:\/\/kasa.am\/hy\/wp-json\/wp\/v2\/pages\/561\/revisions\/19264"}],"wp:attachment":[{"href":"https:\/\/kasa.am\/hy\/wp-json\/wp\/v2\/media?parent=561"}],"curies":[{"name":"wp","href":"https:\/\/api.w.org\/{rel}","templated":true}]}}