{"id":56,"date":"2015-12-04T11:53:08","date_gmt":"2015-12-04T07:53:08","guid":{"rendered":"https:\/\/kasa.am\/?page_id=56"},"modified":"2016-02-28T05:15:12","modified_gmt":"2016-02-28T05:15:12","slug":"welcome","status":"publish","type":"page","link":"https:\/\/kasa.am\/en\/welcome\/","title":{"rendered":"Welcome"},"content":{"rendered":"<div class=\"l-submain\"><div class=\"l-submain-h g-html i-cf\"><div class=\"wpb-content-wrapper\"><h4 id=\"bigtext\">KASA \u2013 Komitas Action Suisse-Arm\u00e9nie \u2013 est n\u00e9e fin 1997, \u00e0 la suite des concerts donn\u00e9s \u00e0 Erevan par l\u2019Atelier Vocal Komitas de Suisse dirig\u00e9 par Sirvart Kazandjian. Elle est enregistr\u00e9e comme association en Suisse et Fondation en Arm\u00e9nie (2000).<\/h4>\n[vc_row]\n [vc_column width=&#8221;2\/3&#8243;][vc_column_text]\n<p>Elle soutient les Arm\u00e9niens qui visent le d\u00e9veloppement durable de leur pays en s\u2019engageant d\u00e9mocratiquement dans leur vie \u00e9conomique, sociale et culturelle.<\/p>\n<p>KASA s\u2019investit dans 5 secteurs: <a href=\"https:\/\/kasa.am\/humanitaire\/\">humanitaire<\/a>, <a href=\"https:\/\/kasa.am\/construction\/\">construction<\/a>, <a href=\"https:\/\/kasa.am\/formation\/\">formation<\/a>, <a href=\"https:\/\/kasa.am\/agriculture\/\">agriculture<\/a>, <a href=\"https:\/\/kasa.am\/tourisme\/\">tourisme<\/a>.<\/p>\n<p>Notre \u00e9quipe comprend pr\u00e8s de 50 collaborateurs, qui travaillent dans 3 lieux: bureau administratif \u00e0 Erevan, Centre EspaceS \u00e0 Erevan et Centre KASA Gumri \u00e0 Gumri.<br \/>\n Nous proposons en outre des chambres d\u2019h\u00f4tes au centre d\u2019Erevan (14 lits) et au centre de Gumri (30 lits) et pouvons organiser tous vos circuits en Arm\u00e9nie, individuellement ou en groupe.<\/p>\n[\/vc_column_text][\/vc_column]\n [vc_column width=&#8221;1\/3&#8243;][vc_column_text] <span class=\"voyage-eng\"><\/span><span class=\"chambre-eng\"><\/span> <a id=\"elearning\" href=\"http:\/\/elearning.kasa.am\"><span class=\"elearning\"><\/span><\/a><\/p>\n[\/vc_column_text][\/vc_column]\n [\/vc_row]\n[vc_row section=&#8221;yes&#8221; background=&#8221;alternate&#8221; section_id=&#8221;boxes&#8221;][vc_column width=&#8221;1\/1&#8243;]\n<div id=\"formation\" class=\"homebox\">\n<div id=\"container\"><a href=\"https:\/\/kasa.am\/formation\/\"><img decoding=\"async\" id=\"image\" class=\"boximg\" src=\"https:\/\/kasa.am\/wp-content\/uploads\/2015\/12\/NEW_formation.jpg\" alt=\"formation\" \/><\/a><\/p>\n<p id=\"text\"><a href=\"https:\/\/kasa.am\/formation\/\">Education<\/a><\/p>\n<\/div>\n<div class=\"wrapper\"><a href=\"https:\/\/kasa.am\/formation\/\"><img loading=\"lazy\" decoding=\"async\" class=\"box-t-image\" src=\"https:\/\/kasa.am\/wp-content\/uploads\/2015\/12\/kasa-4_BLACK.png\" alt=\"\" width=\"79\" height=\"50\" \/><\/a><\/p>\n<p class=\"imgtext\"><a href=\"https:\/\/kasa.am\/formation\/\">La formation de toute la personneest fondamentale pour permettre de prendre en main sa propre vie et de contribuer au developpement<\/a><\/p>\n<\/div>\n<\/div>\n<div id=\"Tourisme\" class=\"homebox\">\n<div id=\"container\"><a href=\"https:\/\/kasa.am\/tourisme\/\"><img decoding=\"async\" id=\"image\" class=\"boximg\" src=\"https:\/\/kasa.am\/wp-content\/uploads\/2015\/12\/NEW_tourisme-1.jpg\" alt=\"tourisme_def\" \/><\/a><\/p>\n<p id=\"text\"><a href=\"https:\/\/kasa.am\/tourisme\/\">Tourism<\/a><\/p>\n<\/div>\n<div class=\"wrapper\"><a href=\"https:\/\/kasa.am\/tourisme\/\"><img loading=\"lazy\" decoding=\"async\" class=\"box-t-image\" src=\"https:\/\/kasa.am\/wp-content\/uploads\/2015\/12\/kasa-2_BLACK.png\" alt=\"\" width=\"53\" height=\"50\" \/><\/a><\/p>\n<p class=\"imgtext\"><a href=\"https:\/\/kasa.am\/tourisme\/\">KASA s\u2019investit dans le developpement d\u2019un tourisme durable et solidaire en Armenie, respectueux de l\u2019environnement et de la population.<\/a><\/p>\n<\/div>\n<\/div>\n<div id=\"Humanitaire\" class=\"homebox\">\n<div id=\"container\"><a href=\"https:\/\/kasa.am\/humanitaire\/\"><img decoding=\"async\" id=\"image\" class=\"boximg\" src=\"https:\/\/kasa.am\/wp-content\/uploads\/2015\/12\/NEW_humanitaire.jpg\" alt=\"projects_humanitaire_def\" \/><\/a><\/p>\n<p id=\"text\"><a href=\"https:\/\/kasa.am\/humanitaire\/\">Humanitarian<\/a><\/p>\n<\/div>\n<div class=\"wrapper\"><a href=\"https:\/\/kasa.am\/humanitaire\/\"><img loading=\"lazy\" decoding=\"async\" class=\"box-t-image\" src=\"https:\/\/kasa.am\/wp-content\/uploads\/2015\/12\/kasa-3_BLACK.png\" alt=\"\" width=\"50\" height=\"50\" \/><\/a><\/p>\n<p class=\"imgtext\"><a href=\"https:\/\/kasa.am\/humanitaire\/\">En Armenie, surtout dans les zones sinistrees par le tremblement de terre de 1988, KASA soutient des enfants, des jeunes et des familles<\/a><\/p>\n<\/div>\n<\/div>\n<div id=\"Agriculture\" class=\"homebox\">\n<div id=\"container\"><a href=\"https:\/\/kasa.am\/agriculture\/\"><img decoding=\"async\" id=\"image\" class=\"boximg\" src=\"https:\/\/kasa.am\/wp-content\/uploads\/2015\/12\/NEW_agriculture.jpg\" alt=\"agriculture_def\" \/><\/a><\/p>\n<p id=\"text\"><a href=\"https:\/\/kasa.am\/agriculture\/\">Agriculture<\/a><\/p>\n<\/div>\n<div class=\"wrapper\"><a href=\"https:\/\/kasa.am\/agriculture\/\"><img decoding=\"async\" class=\"box-t-image\" src=\"https:\/\/kasa.am\/wp-content\/uploads\/2015\/12\/kasa-1_BLACK.png\" alt=\"\" width=\"67 height=\" \/><\/a><\/p>\n<p class=\"imgtext\"><a href=\"https:\/\/kasa.am\/agriculture\/\">Une economie solidaire dans des projets agricoles.<\/a><\/p>\n<\/div>\n<\/div>\n<div id=\"Constructions\" class=\"homebox\">\n<div id=\"container\"><a href=\"https:\/\/kasa.am\/construction\/\"><img decoding=\"async\" id=\"image\" class=\"boximg\" src=\"https:\/\/kasa.am\/wp-content\/uploads\/2016\/02\/NEW2_construction.jpg\" alt=\"constructions_def\" \/><\/a><\/p>\n<p id=\"text\"><a href=\"https:\/\/kasa.am\/construction\/\">Construction<\/a><\/p>\n<\/div>\n<div class=\"wrapper\"><a href=\"https:\/\/kasa.am\/construction\/\"><img loading=\"lazy\" decoding=\"async\" class=\"box-t-image\" src=\"https:\/\/kasa.am\/wp-content\/uploads\/2015\/12\/kasa-5_BLACK.png\" alt=\"\" width=\"50\" height=\"50\" \/><\/a><\/p>\n<p class=\"imgtext\"><a href=\"https:\/\/kasa.am\/construction\/\">20% de reduction sur vos constructions a caractere humanitaire Un reseau d\u2019experts confirmes en Armenie.<\/a><\/p>\n<\/div>\n<\/div>\n[\/vc_column][\/vc_row]\n<\/div><\/div><\/div>","protected":false},"excerpt":{"rendered":"<p>KASA \u2013 Komitas Action Suisse-Arm\u00e9nie \u2013 est n\u00e9e fin 1997, \u00e0 la suite des concerts donn\u00e9s \u00e0 Erevan par l\u2019Atelier Vocal Komitas de Suisse dirig\u00e9 par Sirvart Kazandjian. Elle est enregistr\u00e9e comme association en Suisse et Fondation en Arm\u00e9nie (2000).<\/p>\n","protected":false},"author":1,"featured_media":0,"parent":0,"menu_order":0,"comment_status":"closed","ping_status":"closed","template":"","meta":{"footnotes":""},"class_list":["post-56","page","type-page","status-publish","hentry"],"_links":{"self":[{"href":"https:\/\/kasa.am\/en\/wp-json\/wp\/v2\/pages\/56","targetHints":{"allow":["GET"]}}],"collection":[{"href":"https:\/\/kasa.am\/en\/wp-json\/wp\/v2\/pages"}],"about":[{"href":"https:\/\/kasa.am\/en\/wp-json\/wp\/v2\/types\/page"}],"author":[{"embeddable":true,"href":"https:\/\/kasa.am\/en\/wp-json\/wp\/v2\/users\/1"}],"replies":[{"embeddable":true,"href":"https:\/\/kasa.am\/en\/wp-json\/wp\/v2\/comments?post=56"}],"version-history":[{"count":0,"href":"https:\/\/kasa.am\/en\/wp-json\/wp\/v2\/pages\/56\/revisions"}],"wp:attachment":[{"href":"https:\/\/kasa.am\/en\/wp-json\/wp\/v2\/media?parent=56"}],"curies":[{"name":"wp","href":"https:\/\/api.w.org\/{rel}","templated":true}]}}