{"id":3863,"date":"2015-12-20T04:35:05","date_gmt":"2015-12-20T00:35:05","guid":{"rendered":"https:\/\/kasa.am\/en\/?page_id=3863"},"modified":"2016-02-26T12:37:53","modified_gmt":"2016-02-26T12:37:53","slug":"tourism","status":"publish","type":"page","link":"https:\/\/kasa.am\/en\/tourism\/","title":{"rendered":"Tourism"},"content":{"rendered":"<div class=\"l-submain\"><div class=\"l-submain-h g-html i-cf\"><div class=\"wpb-content-wrapper\"><h4>Depuis 1997 KASA s\u2019investit dans le d\u00e9veloppement d\u2019un tourisme durable et solidaire en Arm\u00e9nie, respectueux de l\u2019environnement et de la population. Il s\u2019agit de voyages tr\u00e8s personnalis\u00e9s, hors des sentiers battus, \u00e0 la d\u00e9couverte de l\u2019Arm\u00e9nie profonde. Ils allient culture et rencontres, \u00e0 l\u2019\u00e9coute de la r\u00e9alit\u00e9 vive de ce pays.<\/h4>\n[vc_row section=&#8221;yes&#8221; background=&#8221;alternate&#8221; section_id=&#8221;pages&#8221;] [vc_column width=&#8221;2\/3&#8243;][vc_column_text]\n<p><a href=\"http:\/\/tourisme.kasa.am\" rel=\"attachment wp-att-1398\"><img loading=\"lazy\" decoding=\"async\" class=\"alignright size-large wp-image-1398\" src=\"https:\/\/kasa.am\/wp-content\/uploads\/2015\/12\/tourisme_banner-1024x520.jpg\" alt=\"tourisme_banner\" width=\"580\" height=\"295\" srcset=\"https:\/\/kasa.am\/wp-content\/uploads\/2015\/12\/tourisme_banner-1024x520.jpg 1024w, https:\/\/kasa.am\/wp-content\/uploads\/2015\/12\/tourisme_banner-300x152.jpg 300w, https:\/\/kasa.am\/wp-content\/uploads\/2015\/12\/tourisme_banner-768x390.jpg 768w, https:\/\/kasa.am\/wp-content\/uploads\/2015\/12\/tourisme_banner-465x236.jpg 465w, https:\/\/kasa.am\/wp-content\/uploads\/2015\/12\/tourisme_banner-350x178.jpg 350w, https:\/\/kasa.am\/wp-content\/uploads\/2015\/12\/tourisme_banner.jpg 1452w\" sizes=\"auto, (max-width: 580px) 100vw, 580px\" \/><\/a><\/p>\n[\/vc_column_text][\/vc_column] [vc_column width=&#8221;1\/3&#8243;][vc_column_text] [\/vc_column_text][\/vc_column] [\/vc_row]\n<\/div><\/div><\/div>","protected":false},"excerpt":{"rendered":"<p>Depuis 1997 KASA s\u2019investit dans le d\u00e9veloppement d\u2019un tourisme durable et solidaire en Arm\u00e9nie, respectueux de l\u2019environnement et de la population. Il s\u2019agit de voyages tr\u00e8s personnalis\u00e9s, hors des sentiers battus, \u00e0 la d\u00e9couverte de l\u2019Arm\u00e9nie profonde. Ils allient culture<\/p>\n","protected":false},"author":1,"featured_media":0,"parent":0,"menu_order":0,"comment_status":"closed","ping_status":"closed","template":"","meta":{"footnotes":""},"class_list":["post-3863","page","type-page","status-publish","hentry"],"_links":{"self":[{"href":"https:\/\/kasa.am\/en\/wp-json\/wp\/v2\/pages\/3863","targetHints":{"allow":["GET"]}}],"collection":[{"href":"https:\/\/kasa.am\/en\/wp-json\/wp\/v2\/pages"}],"about":[{"href":"https:\/\/kasa.am\/en\/wp-json\/wp\/v2\/types\/page"}],"author":[{"embeddable":true,"href":"https:\/\/kasa.am\/en\/wp-json\/wp\/v2\/users\/1"}],"replies":[{"embeddable":true,"href":"https:\/\/kasa.am\/en\/wp-json\/wp\/v2\/comments?post=3863"}],"version-history":[{"count":0,"href":"https:\/\/kasa.am\/en\/wp-json\/wp\/v2\/pages\/3863\/revisions"}],"wp:attachment":[{"href":"https:\/\/kasa.am\/en\/wp-json\/wp\/v2\/media?parent=3863"}],"curies":[{"name":"wp","href":"https:\/\/api.w.org\/{rel}","templated":true}]}}