{"id":3856,"date":"2015-12-20T04:34:08","date_gmt":"2015-12-20T00:34:08","guid":{"rendered":"https:\/\/kasa.am\/en\/?page_id=3856"},"modified":"2016-02-26T12:17:58","modified_gmt":"2016-02-26T12:17:58","slug":"humanitarian","status":"publish","type":"page","link":"https:\/\/kasa.am\/en\/humanitarian\/","title":{"rendered":"Humanitarian"},"content":{"rendered":"<div class=\"l-submain\"><div class=\"l-submain-h g-html i-cf\"><h4 id=\"orange\"><span>En Arm\u00e9nie, surtout dans les zones sinistr\u00e9es par le tremblement de terre de 1988, KASA soutient des enfants, des jeunes et des familles.<\/span><\/h4>\n<div id=\"projectpage\">\n<div id=\"projtext\">\n<h4><span style=\"color: #000000\"><a style=\"color: #000000\" href=\"https:\/\/kasa.am\/nos-familles-parrainees\/\" target=\"_blank\">Nos familles parrain\u00e9es<\/a><\/span><\/h4>\n\n<h4><span style=\"color: #000000\"><a style=\"color: #000000\" href=\"https:\/\/kasa.am\/programme-socio-educatif-pour-enfants-et-adolescents\/\" target=\"_blank\">Notre projet socio-\u00e9ducatif pour enfants et adolescents<\/a><\/span><\/h4>\n\n<h4><span style=\"color: #000000\"><a style=\"color: #000000\" href=\"https:\/\/kasa.am\/bourses-de-formation\/\" target=\"_blank\">Nos bourses d\u2019\u00e9tudes<\/a><\/span><\/h4>\n\n<\/div>\n<\/div>\n<\/div><\/div>","protected":false},"excerpt":{"rendered":"<p>En Arm\u00e9nie, surtout dans les zones sinistr\u00e9es par le tremblement de terre de 1988, KASA soutient des enfants, des jeunes et des familles. Nos familles parrain\u00e9es Notre projet socio-\u00e9ducatif pour enfants et adolescents Nos bourses d\u2019\u00e9tudes<\/p>\n","protected":false},"author":1,"featured_media":0,"parent":0,"menu_order":0,"comment_status":"closed","ping_status":"closed","template":"projects.php","meta":{"footnotes":""},"class_list":["post-3856","page","type-page","status-publish","hentry"],"_links":{"self":[{"href":"https:\/\/kasa.am\/en\/wp-json\/wp\/v2\/pages\/3856","targetHints":{"allow":["GET"]}}],"collection":[{"href":"https:\/\/kasa.am\/en\/wp-json\/wp\/v2\/pages"}],"about":[{"href":"https:\/\/kasa.am\/en\/wp-json\/wp\/v2\/types\/page"}],"author":[{"embeddable":true,"href":"https:\/\/kasa.am\/en\/wp-json\/wp\/v2\/users\/1"}],"replies":[{"embeddable":true,"href":"https:\/\/kasa.am\/en\/wp-json\/wp\/v2\/comments?post=3856"}],"version-history":[{"count":0,"href":"https:\/\/kasa.am\/en\/wp-json\/wp\/v2\/pages\/3856\/revisions"}],"wp:attachment":[{"href":"https:\/\/kasa.am\/en\/wp-json\/wp\/v2\/media?parent=3856"}],"curies":[{"name":"wp","href":"https:\/\/api.w.org\/{rel}","templated":true}]}}